{"id":63,"date":"2025-11-03T21:08:04","date_gmt":"2025-11-03T19:08:04","guid":{"rendered":"https:\/\/aubonheurdesperles.com\/?page_id=63"},"modified":"2025-11-05T16:57:34","modified_gmt":"2025-11-05T14:57:34","slug":"qui-suis-je","status":"publish","type":"page","link":"https:\/\/aubonheurdesperles.com\/index.php\/qui-suis-je\/","title":{"rendered":"Qui suis-je ?"},"content":{"rendered":"\n<div class=\"wp-block-group alignfull is-layout-flow wp-container-core-group-is-layout-f9cb6abc wp-block-group-is-layout-flow\" style=\"margin-top:0;margin-bottom:0\">\n<div class=\"wp-block-columns alignfull is-not-stacked-on-mobile is-layout-flex wp-container-core-columns-is-layout-e154fb6a wp-block-columns-is-layout-flex\" style=\"margin-top:0;margin-bottom:0;padding-top:var(--wp--preset--spacing--40);padding-right:var(--wp--preset--spacing--40);padding-bottom:var(--wp--preset--spacing--80);padding-left:var(--wp--preset--spacing--40)\">\n<div class=\"wp-block-column is-layout-flow wp-block-column-is-layout-flow\" style=\"flex-basis:66.66%\">\n<div class=\"wp-block-group is-vertical is-content-justification-stretch is-layout-flex wp-container-core-group-is-layout-7e003bba wp-block-group-is-layout-flex\">\n<h2 class=\"wp-block-heading has-xx-large-font-size\"><\/h2>\n\n\n\n<p>auto entrepreneur depuis octobre 2025.<\/p>\n\n\n\n<p>J&rsquo;ai re\u00e7u 2 formations d&rsquo;enfilage de perles (2019 et 2025).<\/p>\n\n\n\n<p>Je suis (tr\u00e8s) m\u00e9ticuleuse.<\/p>\n\n\n\n<p>Me contacter : mitzidebille@aubonheurdesperles.com<\/p>\n\n\n\n<p class=\"has-x-large-font-size\"><\/p>\n\n\n\n<div style=\"height:0px\" aria-hidden=\"true\" class=\"wp-block-spacer wp-container-content-36c51660\"><\/div>\n<\/div>\n<\/div>\n\n\n\n<div class=\"wp-block-column is-layout-flow wp-block-column-is-layout-flow\" style=\"flex-basis:12vw\"><\/div>\n\n\n\n<div class=\"wp-block-column is-layout-flow wp-block-column-is-layout-flow\">\n<div class=\"wp-block-group is-content-justification-right is-nowrap is-layout-flex wp-container-core-group-is-layout-17124a9a wp-block-group-is-layout-flex\">\n<p class=\"has-text-align-left\" style=\"line-height:0.6;text-transform:uppercase;writing-mode:vertical-rl\"><\/p>\n<\/div>\n<\/div>\n<\/div>\n\n\n\n<div class=\"wp-block-columns alignfull is-style-section-2 is-layout-flex wp-container-core-columns-is-layout-d9884270 wp-block-columns-is-layout-flex is-style-section-2--1\" style=\"padding-top:0;padding-bottom:0\">\n<div class=\"wp-block-column is-layout-flow wp-block-column-is-layout-flow\" style=\"flex-basis:50%\">\n<div class=\"wp-block-group is-vertical is-content-justification-stretch is-layout-flex wp-container-core-group-is-layout-098fff0a wp-block-group-is-layout-flex\" style=\"min-height:33vh;padding-top:var(--wp--preset--spacing--50);padding-right:var(--wp--preset--spacing--50);padding-bottom:var(--wp--preset--spacing--50);padding-left:var(--wp--preset--spacing--50)\">\n<p><\/p>\n\n\n\n<div style=\"height:0px\" aria-hidden=\"true\" class=\"wp-block-spacer wp-container-content-6388d5dc\"><\/div>\n\n\n\n<h2 class=\"wp-block-heading has-xx-large-font-size\">Les perles sont ind\u00e9modables<\/h2>\n<\/div>\n<\/div>\n\n\n\n<div class=\"wp-block-column is-layout-flow wp-block-column-is-layout-flow\" style=\"flex-basis:50%\">\n<div class=\"wp-block-cover\"><img loading=\"lazy\" decoding=\"async\" width=\"865\" height=\"1024\" class=\"wp-block-cover__image-background wp-image-58 size-large\" alt=\"\" src=\"http:\/\/aubonheurdesperles.com\/wp-content\/uploads\/2025\/10\/960px-1665_Girl_with_a_Pearl_Earring-865x1024.jpg\" data-object-fit=\"cover\" srcset=\"https:\/\/aubonheurdesperles.com\/wp-content\/uploads\/2025\/10\/960px-1665_Girl_with_a_Pearl_Earring-865x1024.jpg 865w, https:\/\/aubonheurdesperles.com\/wp-content\/uploads\/2025\/10\/960px-1665_Girl_with_a_Pearl_Earring-253x300.jpg 253w, https:\/\/aubonheurdesperles.com\/wp-content\/uploads\/2025\/10\/960px-1665_Girl_with_a_Pearl_Earring-768x910.jpg 768w, https:\/\/aubonheurdesperles.com\/wp-content\/uploads\/2025\/10\/960px-1665_Girl_with_a_Pearl_Earring.jpg 960w\" sizes=\"auto, (max-width: 865px) 100vw, 865px\" \/><span aria-hidden=\"true\" class=\"wp-block-cover__background has-background-dim-0 has-background-dim\" style=\"background-color:#605547\"><\/span><div class=\"wp-block-cover__inner-container is-layout-flow wp-block-cover-is-layout-flow\">\n<div style=\"height:var(--wp--preset--spacing--20)\" aria-hidden=\"true\" class=\"wp-block-spacer\"><\/div>\n<\/div><\/div>\n<\/div>\n<\/div>\n<\/div>\n","protected":false},"excerpt":{"rendered":"<p>auto entrepreneur depuis octobre 2025. J&rsquo;ai re\u00e7u 2 formations d&rsquo;enfilage de perles (2019 et 2025). Je suis (tr\u00e8s) m\u00e9ticuleuse. Me contacter : mitzidebille@aubonheurdesperles.com Les perles sont ind\u00e9modables<\/p>\n","protected":false},"author":1,"featured_media":0,"parent":0,"menu_order":0,"comment_status":"closed","ping_status":"closed","template":"","meta":{"footnotes":""},"class_list":["post-63","page","type-page","status-publish","hentry"],"_links":{"self":[{"href":"https:\/\/aubonheurdesperles.com\/index.php\/wp-json\/wp\/v2\/pages\/63","targetHints":{"allow":["GET"]}}],"collection":[{"href":"https:\/\/aubonheurdesperles.com\/index.php\/wp-json\/wp\/v2\/pages"}],"about":[{"href":"https:\/\/aubonheurdesperles.com\/index.php\/wp-json\/wp\/v2\/types\/page"}],"author":[{"embeddable":true,"href":"https:\/\/aubonheurdesperles.com\/index.php\/wp-json\/wp\/v2\/users\/1"}],"replies":[{"embeddable":true,"href":"https:\/\/aubonheurdesperles.com\/index.php\/wp-json\/wp\/v2\/comments?post=63"}],"version-history":[{"count":8,"href":"https:\/\/aubonheurdesperles.com\/index.php\/wp-json\/wp\/v2\/pages\/63\/revisions"}],"predecessor-version":[{"id":114,"href":"https:\/\/aubonheurdesperles.com\/index.php\/wp-json\/wp\/v2\/pages\/63\/revisions\/114"}],"wp:attachment":[{"href":"https:\/\/aubonheurdesperles.com\/index.php\/wp-json\/wp\/v2\/media?parent=63"}],"curies":[{"name":"wp","href":"https:\/\/api.w.org\/{rel}","templated":true}]}}