{"id":44,"date":"2025-10-15T16:53:15","date_gmt":"2025-10-15T14:53:15","guid":{"rendered":"https:\/\/aubonheurdesperles.com\/?page_id=44"},"modified":"2025-11-17T21:12:21","modified_gmt":"2025-11-17T19:12:21","slug":"les-travaux-possibles","status":"publish","type":"page","link":"https:\/\/aubonheurdesperles.com\/index.php\/les-travaux-possibles\/","title":{"rendered":"Exemple de travaux possibles"},"content":{"rendered":"\n<div class=\"wp-block-group alignfull is-layout-flow wp-container-core-group-is-layout-f9cb6abc wp-block-group-is-layout-flow\" style=\"margin-top:0;margin-bottom:0\">\n<div class=\"wp-block-columns alignfull is-not-stacked-on-mobile is-layout-flex wp-container-core-columns-is-layout-e154fb6a wp-block-columns-is-layout-flex\" style=\"margin-top:0;margin-bottom:0;padding-top:var(--wp--preset--spacing--40);padding-right:var(--wp--preset--spacing--40);padding-bottom:var(--wp--preset--spacing--80);padding-left:var(--wp--preset--spacing--40)\">\n<div class=\"wp-block-column is-layout-flow wp-block-column-is-layout-flow\" style=\"flex-basis:66.66%\">\n<div class=\"wp-block-group is-vertical is-content-justification-stretch is-layout-flex wp-container-core-group-is-layout-7e003bba wp-block-group-is-layout-flex\">\n<h2 class=\"wp-block-heading has-text-align-right has-xx-large-font-size\">Colliers \/ Bracelets :                <\/h2>\n<\/div>\n\n\n\n<p><\/p>\n\n\n\n<p>Renfilage des perles avec ou sans noeuds (conseill\u00e9 avec noeuds lorsque c&rsquo;est possible).<\/p>\n\n\n\n<p>Remplacement du fermoir, il peut \u00eatre en or,  en argent, ou en m\u00e9tal (\u00e0 pr\u00e9ciser \u00e0 la commande).<\/p>\n\n\n\n<p>Le travail est possible aussi bien avec des perles qu&rsquo;avec des pierres (<a href=\"https:\/\/aubonheurdesperles.com\/index.php\/mes-creations\/\" data-type=\"page\" data-id=\"78\">voir mon travail en Lapis Lazuli par exemple<\/a>).<\/p>\n\n\n\n<p>Je fais aussi de la personnalisation de bijoux, n&rsquo;h\u00e9sitez pas \u00e0 me demander. J&rsquo;ai fait, par exemple , 2 colliers un rang, \u00e0 partir d&rsquo;un collier deux rangs.<\/p>\n\n\n\n<p><\/p>\n\n\n\n<div class=\"wp-block-group is-vertical is-content-justification-stretch is-layout-flex wp-container-core-group-is-layout-7e003bba wp-block-group-is-layout-flex\">\n<p class=\"has-x-large-font-size\"><\/p>\n\n\n\n<div style=\"height:0px\" aria-hidden=\"true\" class=\"wp-block-spacer wp-container-content-36c51660\"><\/div>\n<\/div>\n<\/div>\n\n\n\n<div class=\"wp-block-column is-layout-flow wp-block-column-is-layout-flow\" style=\"flex-basis:12vw\"><\/div>\n\n\n\n<div class=\"wp-block-column is-layout-flow wp-block-column-is-layout-flow\">\n<div class=\"wp-block-group is-content-justification-right is-nowrap is-layout-flex wp-container-core-group-is-layout-17124a9a wp-block-group-is-layout-flex\">\n<p class=\"has-text-align-left\" style=\"line-height:0.6;text-transform:uppercase;writing-mode:vertical-rl\"><\/p>\n<\/div>\n<\/div>\n<\/div>\n\n\n\n<div class=\"wp-block-columns alignfull is-style-section-2 is-layout-flex wp-container-core-columns-is-layout-d9884270 wp-block-columns-is-layout-flex is-style-section-2--1\" style=\"padding-top:0;padding-bottom:0\">\n<div class=\"wp-block-column is-layout-flow wp-block-column-is-layout-flow\" style=\"flex-basis:50%\">\n<div class=\"wp-block-group is-vertical is-content-justification-stretch is-layout-flex wp-container-core-group-is-layout-098fff0a wp-block-group-is-layout-flex\" style=\"min-height:33vh;padding-top:var(--wp--preset--spacing--50);padding-right:var(--wp--preset--spacing--50);padding-bottom:var(--wp--preset--spacing--50);padding-left:var(--wp--preset--spacing--50)\">\n<p><\/p>\n\n\n\n<div style=\"height:0px\" aria-hidden=\"true\" class=\"wp-block-spacer wp-container-content-6388d5dc\"><\/div>\n\n\n\n<h2 class=\"wp-block-heading has-xx-large-font-size\"><\/h2>\n<\/div>\n<\/div>\n\n\n\n<div class=\"wp-block-column is-layout-flow wp-block-column-is-layout-flow\" style=\"flex-basis:50%\">\n<div class=\"wp-block-cover is-light\"><img loading=\"lazy\" decoding=\"async\" width=\"1024\" height=\"576\" class=\"wp-block-cover__image-background wp-image-45 size-large\" alt=\"\" src=\"https:\/\/aubonheurdesperles.com\/wp-content\/uploads\/2025\/10\/pexels-khairulonggon-908183-4-1024x576.jpg\" data-object-fit=\"cover\" srcset=\"https:\/\/aubonheurdesperles.com\/wp-content\/uploads\/2025\/10\/pexels-khairulonggon-908183-4-1024x576.jpg 1024w, https:\/\/aubonheurdesperles.com\/wp-content\/uploads\/2025\/10\/pexels-khairulonggon-908183-4-300x169.jpg 300w, https:\/\/aubonheurdesperles.com\/wp-content\/uploads\/2025\/10\/pexels-khairulonggon-908183-4-768x432.jpg 768w, https:\/\/aubonheurdesperles.com\/wp-content\/uploads\/2025\/10\/pexels-khairulonggon-908183-4-1536x864.jpg 1536w, https:\/\/aubonheurdesperles.com\/wp-content\/uploads\/2025\/10\/pexels-khairulonggon-908183-4-2048x1152.jpg 2048w\" sizes=\"auto, (max-width: 1024px) 100vw, 1024px\" \/><span aria-hidden=\"true\" class=\"wp-block-cover__background has-background-dim-0 has-background-dim\" style=\"background-color:#a1a1a1\"><\/span><div class=\"wp-block-cover__inner-container is-layout-flow wp-block-cover-is-layout-flow\">\n<div style=\"height:var(--wp--preset--spacing--20)\" aria-hidden=\"true\" class=\"wp-block-spacer\"><\/div>\n<\/div><\/div>\n<\/div>\n<\/div>\n<\/div>\n\n\n\n<p><\/p>\n","protected":false},"excerpt":{"rendered":"<p>Colliers \/ Bracelets : Renfilage des perles avec ou sans noeuds (conseill\u00e9 avec noeuds lorsque c&rsquo;est possible). Remplacement du fermoir, il peut \u00eatre en or, en argent, ou en m\u00e9tal (\u00e0 pr\u00e9ciser \u00e0 la commande). Le travail est possible aussi bien avec des perles qu&rsquo;avec des pierres (voir mon travail en Lapis Lazuli par exemple). [&hellip;]<\/p>\n","protected":false},"author":1,"featured_media":0,"parent":0,"menu_order":0,"comment_status":"closed","ping_status":"closed","template":"","meta":{"footnotes":""},"class_list":["post-44","page","type-page","status-publish","hentry"],"_links":{"self":[{"href":"https:\/\/aubonheurdesperles.com\/index.php\/wp-json\/wp\/v2\/pages\/44","targetHints":{"allow":["GET"]}}],"collection":[{"href":"https:\/\/aubonheurdesperles.com\/index.php\/wp-json\/wp\/v2\/pages"}],"about":[{"href":"https:\/\/aubonheurdesperles.com\/index.php\/wp-json\/wp\/v2\/types\/page"}],"author":[{"embeddable":true,"href":"https:\/\/aubonheurdesperles.com\/index.php\/wp-json\/wp\/v2\/users\/1"}],"replies":[{"embeddable":true,"href":"https:\/\/aubonheurdesperles.com\/index.php\/wp-json\/wp\/v2\/comments?post=44"}],"version-history":[{"count":10,"href":"https:\/\/aubonheurdesperles.com\/index.php\/wp-json\/wp\/v2\/pages\/44\/revisions"}],"predecessor-version":[{"id":119,"href":"https:\/\/aubonheurdesperles.com\/index.php\/wp-json\/wp\/v2\/pages\/44\/revisions\/119"}],"wp:attachment":[{"href":"https:\/\/aubonheurdesperles.com\/index.php\/wp-json\/wp\/v2\/media?parent=44"}],"curies":[{"name":"wp","href":"https:\/\/api.w.org\/{rel}","templated":true}]}}