{"id":2,"date":"2025-10-15T10:08:25","date_gmt":"2025-10-15T10:08:25","guid":{"rendered":"http:\/\/aubonheurdesperles.com\/?page_id=2"},"modified":"2025-11-04T21:01:17","modified_gmt":"2025-11-04T19:01:17","slug":"sample-page","status":"publish","type":"page","link":"https:\/\/aubonheurdesperles.com\/index.php\/sample-page\/","title":{"rendered":"Comment entretenir les colliers de perles"},"content":{"rendered":"\n<p>Il est recommand\u00e9 de faire renfiler les colliers de perles r\u00e9guli\u00e8rement, sinon les fils qui tiennent les perles risquent de se casser.<\/p>\n\n\n\n<p>J&rsquo;utilise essentiellement des fils de soie pour leur solidit\u00e9 et leur beaut\u00e9.<\/p>\n\n\n\n<p>Par ailleurs, un collier de perles de culture doit \u00eatre port\u00e9 r\u00e9guli\u00e8rement \u00e0 m\u00eame la peau, cela \u00e9vite qu&rsquo;il jaunisse.<\/p>\n\n\n\n<figure class=\"wp-block-image size-large\"><img loading=\"lazy\" decoding=\"async\" width=\"683\" height=\"1024\" src=\"http:\/\/aubonheurdesperles.com\/wp-content\/uploads\/2025\/10\/pexels-cottonbro-7097773-2-683x1024.jpg\" alt=\"\" class=\"wp-image-42\" srcset=\"https:\/\/aubonheurdesperles.com\/wp-content\/uploads\/2025\/10\/pexels-cottonbro-7097773-2-683x1024.jpg 683w, https:\/\/aubonheurdesperles.com\/wp-content\/uploads\/2025\/10\/pexels-cottonbro-7097773-2-200x300.jpg 200w, https:\/\/aubonheurdesperles.com\/wp-content\/uploads\/2025\/10\/pexels-cottonbro-7097773-2-768x1152.jpg 768w, https:\/\/aubonheurdesperles.com\/wp-content\/uploads\/2025\/10\/pexels-cottonbro-7097773-2-1024x1536.jpg 1024w, https:\/\/aubonheurdesperles.com\/wp-content\/uploads\/2025\/10\/pexels-cottonbro-7097773-2-scaled.jpg 1707w\" sizes=\"auto, (max-width: 683px) 100vw, 683px\" \/><\/figure>\n\n\n\n<p><\/p>\n","protected":false},"excerpt":{"rendered":"<p>Il est recommand\u00e9 de faire renfiler les colliers de perles r\u00e9guli\u00e8rement, sinon les fils qui tiennent les perles risquent de se casser. J&rsquo;utilise essentiellement des fils de soie pour leur solidit\u00e9 et leur beaut\u00e9. Par ailleurs, un collier de perles de culture doit \u00eatre port\u00e9 r\u00e9guli\u00e8rement \u00e0 m\u00eame la peau, cela \u00e9vite qu&rsquo;il jaunisse.<\/p>\n","protected":false},"author":1,"featured_media":0,"parent":0,"menu_order":0,"comment_status":"closed","ping_status":"open","template":"","meta":{"footnotes":""},"class_list":["post-2","page","type-page","status-publish","hentry"],"_links":{"self":[{"href":"https:\/\/aubonheurdesperles.com\/index.php\/wp-json\/wp\/v2\/pages\/2","targetHints":{"allow":["GET"]}}],"collection":[{"href":"https:\/\/aubonheurdesperles.com\/index.php\/wp-json\/wp\/v2\/pages"}],"about":[{"href":"https:\/\/aubonheurdesperles.com\/index.php\/wp-json\/wp\/v2\/types\/page"}],"author":[{"embeddable":true,"href":"https:\/\/aubonheurdesperles.com\/index.php\/wp-json\/wp\/v2\/users\/1"}],"replies":[{"embeddable":true,"href":"https:\/\/aubonheurdesperles.com\/index.php\/wp-json\/wp\/v2\/comments?post=2"}],"version-history":[{"count":6,"href":"https:\/\/aubonheurdesperles.com\/index.php\/wp-json\/wp\/v2\/pages\/2\/revisions"}],"predecessor-version":[{"id":91,"href":"https:\/\/aubonheurdesperles.com\/index.php\/wp-json\/wp\/v2\/pages\/2\/revisions\/91"}],"wp:attachment":[{"href":"https:\/\/aubonheurdesperles.com\/index.php\/wp-json\/wp\/v2\/media?parent=2"}],"curies":[{"name":"wp","href":"https:\/\/api.w.org\/{rel}","templated":true}]}}